{"id":213,"date":"2023-06-06T22:16:03","date_gmt":"2023-06-07T01:16:03","guid":{"rendered":"https:\/\/vitofjuve.com.ar\/?post_type=product&#038;p=213"},"modified":"2026-02-25T08:33:28","modified_gmt":"2026-02-25T11:33:28","slug":"felizmente","status":"publish","type":"product","link":"https:\/\/vitofjuve.com.ar\/index.php\/producto\/felizmente\/","title":{"rendered":"FelizMente"},"content":{"rendered":"","protected":false},"excerpt":{"rendered":"<p>&#8220;\u00bfEst\u00e1s listo para transformar tu vida? &#8216;Felizmente&#8217; es la gu\u00eda que necesitas para activar tu potencial y dise\u00f1ar un futuro radiante. Descubre c\u00f3mo superar obst\u00e1culos, crear tu prop\u00f3sito de vida y convertirte en tu mejor versi\u00f3n.<\/p>\n<p>\u00a1Consultar punto de retiro para Villa Mar\u00eda y Villa Nueva!<\/p>\n<p>No dejes pasar esta oportunidad, es el momento de dar el primer paso hacia tu nueva vida. \u00bfEst\u00e1s listo para la aventura?&#8221;<\/p>\n","protected":false},"featured_media":342,"template":"","meta":{"site-sidebar-layout":"default","site-content-layout":"default","ast-site-content-layout":"default","site-content-style":"default","site-sidebar-style":"default","ast-global-header-display":"","ast-banner-title-visibility":"","ast-main-header-display":"","ast-hfb-above-header-display":"","ast-hfb-below-header-display":"","ast-hfb-mobile-header-display":"","site-post-title":"","ast-breadcrumbs-content":"","ast-featured-img":"","footer-sml-layout":"","theme-transparent-header-meta":"default","adv-header-id-meta":"","stick-header-meta":"","header-above-stick-meta":"","header-main-stick-meta":"","header-below-stick-meta":"","astra-migrate-meta-layouts":"set","ast-page-background-enabled":"default","ast-page-background-meta":{"desktop":{"background-color":"var(--ast-global-color-4)","background-image":"","background-repeat":"repeat","background-position":"center center","background-size":"auto","background-attachment":"scroll","background-type":"","background-media":"","overlay-type":"","overlay-color":"","overlay-gradient":""},"tablet":{"background-color":"","background-image":"","background-repeat":"repeat","background-position":"center center","background-size":"auto","background-attachment":"scroll","background-type":"","background-media":"","overlay-type":"","overlay-color":"","overlay-gradient":""},"mobile":{"background-color":"","background-image":"","background-repeat":"repeat","background-position":"center center","background-size":"auto","background-attachment":"scroll","background-type":"","background-media":"","overlay-type":"","overlay-color":"","overlay-gradient":""}},"ast-content-background-meta":{"desktop":{"background-color":"var(--ast-global-color-5)","background-image":"","background-repeat":"repeat","background-position":"center center","background-size":"auto","background-attachment":"scroll","background-type":"","background-media":"","overlay-type":"","overlay-color":"","overlay-gradient":""},"tablet":{"background-color":"var(--ast-global-color-5)","background-image":"","background-repeat":"repeat","background-position":"center center","background-size":"auto","background-attachment":"scroll","background-type":"","background-media":"","overlay-type":"","overlay-color":"","overlay-gradient":""},"mobile":{"background-color":"var(--ast-global-color-5)","background-image":"","background-repeat":"repeat","background-position":"center center","background-size":"auto","background-attachment":"scroll","background-type":"","background-media":"","overlay-type":"","overlay-color":"","overlay-gradient":""}}},"product_cat":[20],"product_tag":[],"yoast_head":"<!-- This site is optimized with the Yoast SEO plugin v22.1 - https:\/\/yoast.com\/wordpress\/plugins\/seo\/ -->\n<title>FelizMente -<\/title>\n<meta name=\"robots\" content=\"index, follow, max-snippet:-1, max-image-preview:large, max-video-preview:-1\" \/>\n<link rel=\"canonical\" href=\"https:\/\/vitofjuve.com.ar\/index.php\/producto\/felizmente\/\" \/>\n<meta property=\"og:locale\" content=\"es_ES\" \/>\n<meta property=\"og:type\" content=\"article\" \/>\n<meta property=\"og:title\" content=\"FelizMente -\" \/>\n<meta property=\"og:description\" content=\"&quot;\u00bfEst\u00e1s listo para transformar tu vida? &#039;Felizmente&#039; es la gu\u00eda que necesitas para activar tu potencial y dise\u00f1ar un futuro radiante. Descubre c\u00f3mo superar obst\u00e1culos, crear tu prop\u00f3sito de vida y convertirte en tu mejor versi\u00f3n.  \u00a1Consultar punto de retiro para Villa Mar\u00eda y Villa Nueva!  No dejes pasar esta oportunidad, es el momento de dar el primer paso hacia tu nueva vida. \u00bfEst\u00e1s listo para la aventura?&quot;\" \/>\n<meta property=\"og:url\" content=\"https:\/\/vitofjuve.com.ar\/index.php\/producto\/felizmente\/\" \/>\n<meta property=\"article:modified_time\" content=\"2026-02-25T11:33:28+00:00\" \/>\n<meta property=\"og:image\" content=\"http:\/\/vitofjuve.com.ar\/wp-content\/uploads\/2023\/06\/Copia-de-Libro-sin-fondo-1-768x1024.png\" \/>\n\t<meta property=\"og:image:width\" content=\"768\" \/>\n\t<meta property=\"og:image:height\" content=\"1024\" \/>\n\t<meta property=\"og:image:type\" content=\"image\/png\" \/>\n<meta name=\"twitter:card\" content=\"summary_large_image\" \/>\n<meta name=\"twitter:label1\" content=\"Tiempo de lectura\" \/>\n\t<meta name=\"twitter:data1\" content=\"1 minuto\" \/>\n<script type=\"application\/ld+json\" class=\"yoast-schema-graph\">{\"@context\":\"https:\/\/schema.org\",\"@graph\":[{\"@type\":\"WebPage\",\"@id\":\"https:\/\/vitofjuve.com.ar\/index.php\/producto\/felizmente\/\",\"url\":\"https:\/\/vitofjuve.com.ar\/index.php\/producto\/felizmente\/\",\"name\":\"FelizMente -\",\"isPartOf\":{\"@id\":\"https:\/\/vitofjuve.com.ar\/#website\"},\"datePublished\":\"2023-06-07T01:16:03+00:00\",\"dateModified\":\"2026-02-25T11:33:28+00:00\",\"breadcrumb\":{\"@id\":\"https:\/\/vitofjuve.com.ar\/index.php\/producto\/felizmente\/#breadcrumb\"},\"inLanguage\":\"es-AR\",\"potentialAction\":[{\"@type\":\"ReadAction\",\"target\":[\"https:\/\/vitofjuve.com.ar\/index.php\/producto\/felizmente\/\"]}]},{\"@type\":\"BreadcrumbList\",\"@id\":\"https:\/\/vitofjuve.com.ar\/index.php\/producto\/felizmente\/#breadcrumb\",\"itemListElement\":[{\"@type\":\"ListItem\",\"position\":1,\"name\":\"Inicio\",\"item\":\"https:\/\/vitofjuve.com.ar\/\"},{\"@type\":\"ListItem\",\"position\":2,\"name\":\"Tienda\",\"item\":\"https:\/\/vitofjuve.com.ar\/index.php\/tienda\/\"},{\"@type\":\"ListItem\",\"position\":3,\"name\":\"FelizMente\"}]},{\"@type\":\"WebSite\",\"@id\":\"https:\/\/vitofjuve.com.ar\/#website\",\"url\":\"https:\/\/vitofjuve.com.ar\/\",\"name\":\"Victor F. Juve\",\"description\":\"Marketing &amp; Motivaci\u00f3n\",\"publisher\":{\"@id\":\"https:\/\/vitofjuve.com.ar\/#\/schema\/person\/01f08654a36766fab5346aaeaed17f3e\"},\"potentialAction\":[{\"@type\":\"SearchAction\",\"target\":{\"@type\":\"EntryPoint\",\"urlTemplate\":\"https:\/\/vitofjuve.com.ar\/?s={search_term_string}\"},\"query-input\":\"required name=search_term_string\"}],\"inLanguage\":\"es-AR\"},{\"@type\":[\"Person\",\"Organization\"],\"@id\":\"https:\/\/vitofjuve.com.ar\/#\/schema\/person\/01f08654a36766fab5346aaeaed17f3e\",\"name\":\"Victor Juve\",\"image\":{\"@type\":\"ImageObject\",\"inLanguage\":\"es-AR\",\"@id\":\"https:\/\/vitofjuve.com.ar\/#\/schema\/person\/image\/\",\"url\":\"http:\/\/vitofjuve.com.ar\/wp-content\/uploads\/2023\/05\/cropped-2-1.png\",\"contentUrl\":\"http:\/\/vitofjuve.com.ar\/wp-content\/uploads\/2023\/05\/cropped-2-1.png\",\"width\":960,\"height\":347,\"caption\":\"Victor Juve\"},\"logo\":{\"@id\":\"https:\/\/vitofjuve.com.ar\/#\/schema\/person\/image\/\"},\"sameAs\":[\"http:\/\/vitofjuve.com.ar\"]}]}<\/script>\n<!-- \/ Yoast SEO plugin. -->","yoast_head_json":{"title":"FelizMente -","robots":{"index":"index","follow":"follow","max-snippet":"max-snippet:-1","max-image-preview":"max-image-preview:large","max-video-preview":"max-video-preview:-1"},"canonical":"https:\/\/vitofjuve.com.ar\/index.php\/producto\/felizmente\/","og_locale":"es_ES","og_type":"article","og_title":"FelizMente -","og_description":"\"\u00bfEst\u00e1s listo para transformar tu vida? 'Felizmente' es la gu\u00eda que necesitas para activar tu potencial y dise\u00f1ar un futuro radiante. Descubre c\u00f3mo superar obst\u00e1culos, crear tu prop\u00f3sito de vida y convertirte en tu mejor versi\u00f3n.  \u00a1Consultar punto de retiro para Villa Mar\u00eda y Villa Nueva!  No dejes pasar esta oportunidad, es el momento de dar el primer paso hacia tu nueva vida. \u00bfEst\u00e1s listo para la aventura?\"","og_url":"https:\/\/vitofjuve.com.ar\/index.php\/producto\/felizmente\/","article_modified_time":"2026-02-25T11:33:28+00:00","og_image":[{"width":768,"height":1024,"url":"http:\/\/vitofjuve.com.ar\/wp-content\/uploads\/2023\/06\/Copia-de-Libro-sin-fondo-1-768x1024.png","type":"image\/png"}],"twitter_card":"summary_large_image","twitter_misc":{"Tiempo de lectura":"1 minuto"},"schema":{"@context":"https:\/\/schema.org","@graph":[{"@type":"WebPage","@id":"https:\/\/vitofjuve.com.ar\/index.php\/producto\/felizmente\/","url":"https:\/\/vitofjuve.com.ar\/index.php\/producto\/felizmente\/","name":"FelizMente -","isPartOf":{"@id":"https:\/\/vitofjuve.com.ar\/#website"},"datePublished":"2023-06-07T01:16:03+00:00","dateModified":"2026-02-25T11:33:28+00:00","breadcrumb":{"@id":"https:\/\/vitofjuve.com.ar\/index.php\/producto\/felizmente\/#breadcrumb"},"inLanguage":"es-AR","potentialAction":[{"@type":"ReadAction","target":["https:\/\/vitofjuve.com.ar\/index.php\/producto\/felizmente\/"]}]},{"@type":"BreadcrumbList","@id":"https:\/\/vitofjuve.com.ar\/index.php\/producto\/felizmente\/#breadcrumb","itemListElement":[{"@type":"ListItem","position":1,"name":"Inicio","item":"https:\/\/vitofjuve.com.ar\/"},{"@type":"ListItem","position":2,"name":"Tienda","item":"https:\/\/vitofjuve.com.ar\/index.php\/tienda\/"},{"@type":"ListItem","position":3,"name":"FelizMente"}]},{"@type":"WebSite","@id":"https:\/\/vitofjuve.com.ar\/#website","url":"https:\/\/vitofjuve.com.ar\/","name":"Victor F. Juve","description":"Marketing &amp; Motivaci\u00f3n","publisher":{"@id":"https:\/\/vitofjuve.com.ar\/#\/schema\/person\/01f08654a36766fab5346aaeaed17f3e"},"potentialAction":[{"@type":"SearchAction","target":{"@type":"EntryPoint","urlTemplate":"https:\/\/vitofjuve.com.ar\/?s={search_term_string}"},"query-input":"required name=search_term_string"}],"inLanguage":"es-AR"},{"@type":["Person","Organization"],"@id":"https:\/\/vitofjuve.com.ar\/#\/schema\/person\/01f08654a36766fab5346aaeaed17f3e","name":"Victor Juve","image":{"@type":"ImageObject","inLanguage":"es-AR","@id":"https:\/\/vitofjuve.com.ar\/#\/schema\/person\/image\/","url":"http:\/\/vitofjuve.com.ar\/wp-content\/uploads\/2023\/05\/cropped-2-1.png","contentUrl":"http:\/\/vitofjuve.com.ar\/wp-content\/uploads\/2023\/05\/cropped-2-1.png","width":960,"height":347,"caption":"Victor Juve"},"logo":{"@id":"https:\/\/vitofjuve.com.ar\/#\/schema\/person\/image\/"},"sameAs":["http:\/\/vitofjuve.com.ar"]}]}},"jetpack_sharing_enabled":true,"_links":{"self":[{"href":"https:\/\/vitofjuve.com.ar\/index.php\/wp-json\/wp\/v2\/product\/213"}],"collection":[{"href":"https:\/\/vitofjuve.com.ar\/index.php\/wp-json\/wp\/v2\/product"}],"about":[{"href":"https:\/\/vitofjuve.com.ar\/index.php\/wp-json\/wp\/v2\/types\/product"}],"wp:featuredmedia":[{"embeddable":true,"href":"https:\/\/vitofjuve.com.ar\/index.php\/wp-json\/wp\/v2\/media\/342"}],"wp:attachment":[{"href":"https:\/\/vitofjuve.com.ar\/index.php\/wp-json\/wp\/v2\/media?parent=213"}],"wp:term":[{"taxonomy":"product_cat","embeddable":true,"href":"https:\/\/vitofjuve.com.ar\/index.php\/wp-json\/wp\/v2\/product_cat?post=213"},{"taxonomy":"product_tag","embeddable":true,"href":"https:\/\/vitofjuve.com.ar\/index.php\/wp-json\/wp\/v2\/product_tag?post=213"}],"curies":[{"name":"wp","href":"https:\/\/api.w.org\/{rel}","templated":true}]}}